{"id":21,"date":"2016-11-04T01:32:26","date_gmt":"2016-11-04T00:32:26","guid":{"rendered":"https:\/\/brentrup-immobilien.de\/?page_id=21"},"modified":"2021-09-01T18:46:08","modified_gmt":"2021-09-01T16:46:08","slug":"kaufgesuche","status":"publish","type":"page","link":"https:\/\/brentrup-immobilien.de\/?page_id=21","title":{"rendered":"Kaufgesuche"},"content":{"rendered":"<p><span style=\"font-size: revert; color: initial; font-family: -apple-system, BlinkMacSystemFont, 'Segoe UI', Roboto, Oxygen-Sans, Ubuntu, Cantarell, 'Helvetica Neue', sans-serif;\"><b>Ich kaufe:&nbsp;<\/b><\/span><\/p>\n<ul>\n<li><span style=\"font-size: revert; color: initial; font-family: -apple-system, BlinkMacSystemFont, 'Segoe UI', Roboto, Oxygen-Sans, Ubuntu, Cantarell, 'Helvetica Neue', sans-serif;\">Mehrfamilienh\u00e4user<\/span><\/li>\n<li><span style=\"font-size: revert; color: initial; font-family: -apple-system, BlinkMacSystemFont, 'Segoe UI', Roboto, Oxygen-Sans, Ubuntu, Cantarell, 'Helvetica Neue', sans-serif;\">Wohn- &amp; Gesch\u00e4ftsh\u00e4user<\/span><\/li>\n<li><span style=\"font-size: revert; color: initial; font-family: -apple-system, BlinkMacSystemFont, 'Segoe UI', Roboto, Oxygen-Sans, Ubuntu, Cantarell, 'Helvetica Neue', sans-serif;\">Eigentumswohnungen<br \/>\n<\/span><span style=\"font-size: revert; color: initial; font-family: -apple-system, BlinkMacSystemFont, 'Segoe UI', Roboto, Oxygen-Sans, Ubuntu, Cantarell, 'Helvetica Neue', sans-serif;\"><br \/>\nim Raum Dortmund und Umgebung<\/span><\/li>\n<\/ul>\n<p>Als Gutachter garantiere ich Ihnen:<\/p>\n<ul>\n<li>einen marktgerechten Preis<\/li>\n<li>eine diskrete &amp; schnelle Kaufabwicklung<\/li>\n<\/ul>\n<p>Sie sparen sich dadurch:<\/p>\n<ul>\n<li>Zeit<\/li>\n<li>unn\u00f6tige Besichtigungen<\/li>\n<li>Maklerprovision<\/li>\n<\/ul>\n<p>Ich freue mich \u00fcber Ihre E-Mail (brentrup-immobilien@t-online.de) oder Ihren Anruf. Sie erreichen mit unter der 0231\/5576660 oder unter der 0171\/8795211.<\/p>\n<p>Karsten Brentrup | Kaufmann der Grundst\u00fccks- und Wohnungswirtschaft<\/p>\n<p><a href=\"https:\/\/brentrup-immobilien.de\/?page_id=10\" target=\"_blank\" rel=\"noopener\">Kontakt<\/a><\/p>\n","protected":false},"excerpt":{"rendered":"<p>Ich kaufe:&nbsp; Mehrfamilienh\u00e4user Wohn- &amp; Gesch\u00e4ftsh\u00e4user Eigentumswohnungen im Raum Dortmund und Umgebung Als Gutachter garantiere ich Ihnen: einen marktgerechten Preis eine diskrete &amp; schnelle Kaufabwicklung Sie sparen sich dadurch: Zeit unn\u00f6tige Besichtigungen Maklerprovision Ich freue mich \u00fcber Ihre E-Mail (brentrup-immobilien@t-online.de) oder Ihren Anruf. Sie erreichen mit unter der 0231\/5576660 oder unter der 0171\/8795211. Karsten Brentrup&#8230;<\/p>\n<p class=\"more-link\"><a href=\"https:\/\/brentrup-immobilien.de\/?page_id=21\" class=\"themebutton3\">Read More<\/a><\/p>\n","protected":false},"author":1,"featured_media":169,"parent":0,"menu_order":0,"comment_status":"closed","ping_status":"closed","template":"","meta":{"footnotes":""},"class_list":["post-21","page","type-page","status-publish","has-post-thumbnail","hentry"],"_links":{"self":[{"href":"https:\/\/brentrup-immobilien.de\/index.php?rest_route=\/wp\/v2\/pages\/21","targetHints":{"allow":["GET"]}}],"collection":[{"href":"https:\/\/brentrup-immobilien.de\/index.php?rest_route=\/wp\/v2\/pages"}],"about":[{"href":"https:\/\/brentrup-immobilien.de\/index.php?rest_route=\/wp\/v2\/types\/page"}],"author":[{"embeddable":true,"href":"https:\/\/brentrup-immobilien.de\/index.php?rest_route=\/wp\/v2\/users\/1"}],"replies":[{"embeddable":true,"href":"https:\/\/brentrup-immobilien.de\/index.php?rest_route=%2Fwp%2Fv2%2Fcomments&post=21"}],"version-history":[{"count":7,"href":"https:\/\/brentrup-immobilien.de\/index.php?rest_route=\/wp\/v2\/pages\/21\/revisions"}],"predecessor-version":[{"id":168,"href":"https:\/\/brentrup-immobilien.de\/index.php?rest_route=\/wp\/v2\/pages\/21\/revisions\/168"}],"wp:featuredmedia":[{"embeddable":true,"href":"https:\/\/brentrup-immobilien.de\/index.php?rest_route=\/wp\/v2\/media\/169"}],"wp:attachment":[{"href":"https:\/\/brentrup-immobilien.de\/index.php?rest_route=%2Fwp%2Fv2%2Fmedia&parent=21"}],"curies":[{"name":"wp","href":"https:\/\/api.w.org\/{rel}","templated":true}]}}