{"id":64,"date":"2016-11-09T15:01:49","date_gmt":"2016-11-09T14:01:49","guid":{"rendered":"https:\/\/brentrup-immobilien.de\/?page_id=64"},"modified":"2016-11-13T00:33:23","modified_gmt":"2016-11-12T23:33:23","slug":"gutachterservice","status":"publish","type":"page","link":"https:\/\/brentrup-immobilien.de\/?page_id=64","title":{"rendered":"Gutachterservice"},"content":{"rendered":"<p><strong>Verkaufswertgutachten f\u00fcr Wohnimmobilien und Wohn- und Gesch\u00e4ftsh\u00e4user <\/strong><\/p>\n<p>Das Verkaufswertgutachten gibt Ihnen als Verk\u00e4ufer Sicherheit, den richtigen Preis zu finden. Als T\u00dcV-Gutachter f\u00fcr Immobilienbewertung erkennen viele Banken und Sparkassen, dieses als Beleihungsgrundlage an. Unserem Verkaufswertgutachten liegen anerkannte Bewertungsverfahren (Ertrags-, Vergleichs- und Sachwert) zugrunde. Rufen Sie uns an, wir beraten Sie gerne.<\/p>\n","protected":false},"excerpt":{"rendered":"<p>Verkaufswertgutachten f\u00fcr Wohnimmobilien und Wohn- und Gesch\u00e4ftsh\u00e4user Das Verkaufswertgutachten gibt Ihnen als Verk\u00e4ufer Sicherheit, den richtigen Preis zu finden. Als T\u00dcV-Gutachter f\u00fcr Immobilienbewertung erkennen viele Banken und Sparkassen, dieses als Beleihungsgrundlage an. Unserem Verkaufswertgutachten liegen anerkannte Bewertungsverfahren (Ertrags-, Vergleichs- und Sachwert) zugrunde. Rufen Sie uns an, wir beraten Sie gerne.<\/p>\n","protected":false},"author":1,"featured_media":0,"parent":0,"menu_order":0,"comment_status":"closed","ping_status":"closed","template":"","meta":{"footnotes":""},"class_list":["post-64","page","type-page","status-publish","hentry"],"_links":{"self":[{"href":"https:\/\/brentrup-immobilien.de\/index.php?rest_route=\/wp\/v2\/pages\/64","targetHints":{"allow":["GET"]}}],"collection":[{"href":"https:\/\/brentrup-immobilien.de\/index.php?rest_route=\/wp\/v2\/pages"}],"about":[{"href":"https:\/\/brentrup-immobilien.de\/index.php?rest_route=\/wp\/v2\/types\/page"}],"author":[{"embeddable":true,"href":"https:\/\/brentrup-immobilien.de\/index.php?rest_route=\/wp\/v2\/users\/1"}],"replies":[{"embeddable":true,"href":"https:\/\/brentrup-immobilien.de\/index.php?rest_route=%2Fwp%2Fv2%2Fcomments&post=64"}],"version-history":[{"count":3,"href":"https:\/\/brentrup-immobilien.de\/index.php?rest_route=\/wp\/v2\/pages\/64\/revisions"}],"predecessor-version":[{"id":122,"href":"https:\/\/brentrup-immobilien.de\/index.php?rest_route=\/wp\/v2\/pages\/64\/revisions\/122"}],"wp:attachment":[{"href":"https:\/\/brentrup-immobilien.de\/index.php?rest_route=%2Fwp%2Fv2%2Fmedia&parent=64"}],"curies":[{"name":"wp","href":"https:\/\/api.w.org\/{rel}","templated":true}]}}